{"id":1103,"date":"2023-12-10T10:56:01","date_gmt":"2023-12-10T10:56:01","guid":{"rendered":"https:\/\/huevosdeloarre.com\/?page_id=1103"},"modified":"2023-12-10T12:44:00","modified_gmt":"2023-12-10T12:44:00","slug":"cazahuevo1","status":"publish","type":"page","link":"https:\/\/huevosdeloarre.com\/index.php\/cazahuevo1\/","title":{"rendered":"La caza del huevo &#8211; 1"},"content":{"rendered":"\t\t<div data-elementor-type=\"wp-page\" data-elementor-id=\"1103\" class=\"elementor elementor-1103\">\n\t\t\t\t\t\t\t\t\t<section class=\"elementor-section elementor-top-section elementor-element elementor-element-a47e030 elementor-section-boxed elementor-section-height-default elementor-section-height-default\" data-id=\"a47e030\" data-element_type=\"section\">\n\t\t\t\t\t\t<div class=\"elementor-container elementor-column-gap-default\">\n\t\t\t\t\t<div class=\"elementor-column elementor-col-100 elementor-top-column elementor-element elementor-element-ed156a9\" data-id=\"ed156a9\" data-element_type=\"column\">\n\t\t\t<div class=\"elementor-widget-wrap elementor-element-populated\">\n\t\t\t\t\t\t\t\t<div class=\"elementor-element elementor-element-1222b5a elementor-widget elementor-widget-heading\" data-id=\"1222b5a\" data-element_type=\"widget\" data-widget_type=\"heading.default\">\n\t\t\t\t<div class=\"elementor-widget-container\">\n\t\t\t<style>\/*! elementor - v3.11.1 - 15-02-2023 *\/\n.elementor-heading-title{padding:0;margin:0;line-height:1}.elementor-widget-heading .elementor-heading-title[class*=elementor-size-]>a{color:inherit;font-size:inherit;line-height:inherit}.elementor-widget-heading .elementor-heading-title.elementor-size-small{font-size:15px}.elementor-widget-heading .elementor-heading-title.elementor-size-medium{font-size:19px}.elementor-widget-heading .elementor-heading-title.elementor-size-large{font-size:29px}.elementor-widget-heading .elementor-heading-title.elementor-size-xl{font-size:39px}.elementor-widget-heading .elementor-heading-title.elementor-size-xxl{font-size:59px}<\/style><h2 class=\"elementor-heading-title elementor-size-default\"><div><h1>#1 \u2013 Los m\u00e1s antiguos<\/h1><\/div><\/div><\/h2>\t\t<\/div>\n\t\t\t\t<\/div>\n\t\t\t\t\t<\/div>\n\t\t<\/div>\n\t\t\t\t\t\t\t<\/div>\n\t\t<\/section>\n\t\t\t\t<section class=\"elementor-section elementor-top-section elementor-element elementor-element-0462394 elementor-section-boxed elementor-section-height-default elementor-section-height-default\" data-id=\"0462394\" data-element_type=\"section\">\n\t\t\t\t\t\t<div class=\"elementor-container elementor-column-gap-default\">\n\t\t\t\t\t<div class=\"elementor-column elementor-col-100 elementor-top-column elementor-element elementor-element-e2af807\" data-id=\"e2af807\" data-element_type=\"column\">\n\t\t\t<div class=\"elementor-widget-wrap elementor-element-populated\">\n\t\t\t\t\t\t\t\t<div class=\"elementor-element elementor-element-61d5d61 elementor-widget elementor-widget-text-editor\" data-id=\"61d5d61\" data-element_type=\"widget\" data-widget_type=\"text-editor.default\">\n\t\t\t\t<div class=\"elementor-widget-container\">\n\t\t\t<style>\/*! elementor - v3.11.1 - 15-02-2023 *\/\n.elementor-widget-text-editor.elementor-drop-cap-view-stacked .elementor-drop-cap{background-color:#818a91;color:#fff}.elementor-widget-text-editor.elementor-drop-cap-view-framed .elementor-drop-cap{color:#818a91;border:3px solid;background-color:transparent}.elementor-widget-text-editor:not(.elementor-drop-cap-view-default) .elementor-drop-cap{margin-top:8px}.elementor-widget-text-editor:not(.elementor-drop-cap-view-default) .elementor-drop-cap-letter{width:1em;height:1em}.elementor-widget-text-editor .elementor-drop-cap{float:left;text-align:center;line-height:1;font-size:50px}.elementor-widget-text-editor .elementor-drop-cap-letter{display:inline-block}<\/style>\t\t\t\t<h5 style=\"text-align: center;\">Los huevos de dinosaurio m\u00e1s antiguos del mundo tienen casi 200 millones de a\u00f1os y se han encontrado en el Jur\u00e1sico de Argentina.<\/h5>\t\t\t\t\t\t<\/div>\n\t\t\t\t<\/div>\n\t\t\t\t\t<\/div>\n\t\t<\/div>\n\t\t\t\t\t\t\t<\/div>\n\t\t<\/section>\n\t\t\t\t<section class=\"elementor-section elementor-top-section elementor-element elementor-element-a682e32 elementor-section-boxed elementor-section-height-default elementor-section-height-default\" data-id=\"a682e32\" data-element_type=\"section\">\n\t\t\t\t\t\t<div class=\"elementor-container elementor-column-gap-default\">\n\t\t\t\t\t<div class=\"elementor-column elementor-col-100 elementor-top-column elementor-element elementor-element-db93b67\" data-id=\"db93b67\" data-element_type=\"column\">\n\t\t\t<div class=\"elementor-widget-wrap elementor-element-populated\">\n\t\t\t\t\t\t\t\t<div class=\"elementor-element elementor-element-fb35706 elementor-widget elementor-widget-image\" data-id=\"fb35706\" data-element_type=\"widget\" data-widget_type=\"image.default\">\n\t\t\t\t<div class=\"elementor-widget-container\">\n\t\t\t<style>\/*! elementor - v3.11.1 - 15-02-2023 *\/\n.elementor-widget-image{text-align:center}.elementor-widget-image a{display:inline-block}.elementor-widget-image a img[src$=\".svg\"]{width:48px}.elementor-widget-image img{vertical-align:middle;display:inline-block}<\/style>\t\t\t\t\t\t\t\t\t<figure class=\"wp-caption\">\n\t\t\t\t\t\t\t\t\t\t<img loading=\"lazy\" decoding=\"async\" width=\"451\" height=\"359\" src=\"https:\/\/huevosdeloarre.com\/wp-content\/uploads\/2023\/12\/1_1.png\" class=\"attachment-large size-large wp-image-1104\" alt=\"\" srcset=\"https:\/\/huevosdeloarre.com\/wp-content\/uploads\/2023\/12\/1_1.png 451w, https:\/\/huevosdeloarre.com\/wp-content\/uploads\/2023\/12\/1_1-300x239.png 300w, https:\/\/huevosdeloarre.com\/wp-content\/uploads\/2023\/12\/1_1-183x146.png 183w, https:\/\/huevosdeloarre.com\/wp-content\/uploads\/2023\/12\/1_1-50x40.png 50w, https:\/\/huevosdeloarre.com\/wp-content\/uploads\/2023\/12\/1_1-94x75.png 94w\" sizes=\"auto, (max-width: 451px) 100vw, 451px\" \/>\t\t\t\t\t\t\t\t\t\t\t<figcaption class=\"widget-image-caption wp-caption-text\">Embri\u00f3n de <i>Mussaurus<\/i>. Fuente: <a href=\"https:\/\/doi.org\/10.1038\/s41598-021-99176-1\" target=\"_blank\" rel=\"noopener\">Scientific reports<\/a><\/figcaption>\n\t\t\t\t\t\t\t\t\t\t<\/figure>\n\t\t\t\t\t\t\t\t\t<\/div>\n\t\t\t\t<\/div>\n\t\t\t\t\t<\/div>\n\t\t<\/div>\n\t\t\t\t\t\t\t<\/div>\n\t\t<\/section>\n\t\t\t\t<section class=\"elementor-section elementor-top-section elementor-element elementor-element-13737e7 elementor-section-boxed elementor-section-height-default elementor-section-height-default\" data-id=\"13737e7\" data-element_type=\"section\">\n\t\t\t\t\t\t<div class=\"elementor-container elementor-column-gap-default\">\n\t\t\t\t\t<div class=\"elementor-column elementor-col-100 elementor-top-column elementor-element elementor-element-f7267da\" data-id=\"f7267da\" data-element_type=\"column\">\n\t\t\t<div class=\"elementor-widget-wrap elementor-element-populated\">\n\t\t\t\t\t\t\t\t<div class=\"elementor-element elementor-element-93ed239 elementor-widget elementor-widget-spacer\" data-id=\"93ed239\" data-element_type=\"widget\" data-widget_type=\"spacer.default\">\n\t\t\t\t<div class=\"elementor-widget-container\">\n\t\t\t<style>\/*! elementor - v3.11.1 - 15-02-2023 *\/\n.elementor-column .elementor-spacer-inner{height:var(--spacer-size)}.e-con{--container-widget-width:100%}.e-con-inner>.elementor-widget-spacer,.e-con>.elementor-widget-spacer{width:var(--container-widget-width,var(--spacer-size));--align-self:var(--container-widget-align-self,initial);--flex-shrink:0}.e-con-inner>.elementor-widget-spacer>.elementor-widget-container,.e-con-inner>.elementor-widget-spacer>.elementor-widget-container>.elementor-spacer,.e-con>.elementor-widget-spacer>.elementor-widget-container,.e-con>.elementor-widget-spacer>.elementor-widget-container>.elementor-spacer{height:100%}.e-con-inner>.elementor-widget-spacer>.elementor-widget-container>.elementor-spacer>.elementor-spacer-inner,.e-con>.elementor-widget-spacer>.elementor-widget-container>.elementor-spacer>.elementor-spacer-inner{height:var(--container-widget-height,var(--spacer-size))}<\/style>\t\t<div class=\"elementor-spacer\">\n\t\t\t<div class=\"elementor-spacer-inner\"><\/div>\n\t\t<\/div>\n\t\t\t\t<\/div>\n\t\t\t\t<\/div>\n\t\t\t\t<div class=\"elementor-element elementor-element-3e2fdea elementor-widget elementor-widget-text-editor\" data-id=\"3e2fdea\" data-element_type=\"widget\" data-widget_type=\"text-editor.default\">\n\t\t\t\t<div class=\"elementor-widget-container\">\n\t\t\t\t\t\t\t<h2 style=\"text-align: center;\">Una quinta jur\u00e1sica<\/h2><h5 style=\"text-align: center;\">Pertenecen al dinosaurio <em>Mussaurus<\/em>, un pariente lejano de los dinosaurios saur\u00f3podos que anidaban en Santa Marina. Se han recuperado multitud de nidos, cr\u00edas y espec\u00edmenes juveniles que viv\u00edan en manadas formadas por individuos de la misma edad.<\/h5>\t\t\t\t\t\t<\/div>\n\t\t\t\t<\/div>\n\t\t\t\t\t<\/div>\n\t\t<\/div>\n\t\t\t\t\t\t\t<\/div>\n\t\t<\/section>\n\t\t\t\t<section class=\"elementor-section elementor-top-section elementor-element elementor-element-03f2f30 elementor-section-boxed elementor-section-height-default elementor-section-height-default\" data-id=\"03f2f30\" data-element_type=\"section\">\n\t\t\t\t\t\t<div class=\"elementor-container elementor-column-gap-default\">\n\t\t\t\t\t<div class=\"elementor-column elementor-col-100 elementor-top-column elementor-element elementor-element-aedc738\" data-id=\"aedc738\" data-element_type=\"column\">\n\t\t\t<div class=\"elementor-widget-wrap elementor-element-populated\">\n\t\t\t\t\t\t\t\t<div class=\"elementor-element elementor-element-36e8f6f elementor-widget elementor-widget-image\" data-id=\"36e8f6f\" data-element_type=\"widget\" data-widget_type=\"image.default\">\n\t\t\t\t<div class=\"elementor-widget-container\">\n\t\t\t\t\t\t\t\t\t\t\t\t<figure class=\"wp-caption\">\n\t\t\t\t\t\t\t\t\t\t<img loading=\"lazy\" decoding=\"async\" width=\"651\" height=\"260\" src=\"https:\/\/huevosdeloarre.com\/wp-content\/uploads\/2023\/12\/1_2.png\" class=\"attachment-large size-large wp-image-1108\" alt=\"\" srcset=\"https:\/\/huevosdeloarre.com\/wp-content\/uploads\/2023\/12\/1_2.png 651w, https:\/\/huevosdeloarre.com\/wp-content\/uploads\/2023\/12\/1_2-300x120.png 300w, https:\/\/huevosdeloarre.com\/wp-content\/uploads\/2023\/12\/1_2-260x104.png 260w, https:\/\/huevosdeloarre.com\/wp-content\/uploads\/2023\/12\/1_2-50x20.png 50w, https:\/\/huevosdeloarre.com\/wp-content\/uploads\/2023\/12\/1_2-150x60.png 150w\" sizes=\"auto, (max-width: 651px) 100vw, 651px\" \/>\t\t\t\t\t\t\t\t\t\t\t<figcaption class=\"widget-image-caption wp-caption-text\">Esqueletos de <i>Mussaurus<\/i>, desde un embri\u00f3n hasta un adulto. <a href=\"https:\/\/doi.org\/10.1038\/s41598-021-99176-1\" target=\"_blank\" rel=\"noopener\">Scientific reports<\/a><\/figcaption>\n\t\t\t\t\t\t\t\t\t\t<\/figure>\n\t\t\t\t\t\t\t\t\t<\/div>\n\t\t\t\t<\/div>\n\t\t\t\t\t<\/div>\n\t\t<\/div>\n\t\t\t\t\t\t\t<\/div>\n\t\t<\/section>\n\t\t\t\t<section class=\"elementor-section elementor-top-section elementor-element elementor-element-03293ad elementor-section-boxed elementor-section-height-default elementor-section-height-default\" data-id=\"03293ad\" data-element_type=\"section\">\n\t\t\t\t\t\t<div class=\"elementor-container elementor-column-gap-default\">\n\t\t\t\t\t<div class=\"elementor-column elementor-col-100 elementor-top-column elementor-element elementor-element-e185fba\" data-id=\"e185fba\" data-element_type=\"column\">\n\t\t\t<div class=\"elementor-widget-wrap elementor-element-populated\">\n\t\t\t\t\t\t\t\t<div class=\"elementor-element elementor-element-05f920a elementor-widget elementor-widget-spacer\" data-id=\"05f920a\" data-element_type=\"widget\" data-widget_type=\"spacer.default\">\n\t\t\t\t<div class=\"elementor-widget-container\">\n\t\t\t\t\t<div class=\"elementor-spacer\">\n\t\t\t<div class=\"elementor-spacer-inner\"><\/div>\n\t\t<\/div>\n\t\t\t\t<\/div>\n\t\t\t\t<\/div>\n\t\t\t\t\t<\/div>\n\t\t<\/div>\n\t\t\t\t\t\t\t<\/div>\n\t\t<\/section>\n\t\t\t\t<section class=\"elementor-section elementor-top-section elementor-element elementor-element-440407d elementor-section-boxed elementor-section-height-default elementor-section-height-default\" data-id=\"440407d\" data-element_type=\"section\">\n\t\t\t\t\t\t<div class=\"elementor-container elementor-column-gap-default\">\n\t\t\t\t\t<div class=\"elementor-column elementor-col-100 elementor-top-column elementor-element elementor-element-5427b73\" data-id=\"5427b73\" data-element_type=\"column\">\n\t\t\t<div class=\"elementor-widget-wrap elementor-element-populated\">\n\t\t\t\t\t\t\t\t<div class=\"elementor-element elementor-element-96bef6b elementor-button-warning elementor-align-center elementor-widget elementor-widget-button\" data-id=\"96bef6b\" data-element_type=\"widget\" data-widget_type=\"button.default\">\n\t\t\t\t<div class=\"elementor-widget-container\">\n\t\t\t\t\t<div class=\"elementor-button-wrapper\">\n\t\t\t<a href=\"https:\/\/huevosdeloarre.com\" class=\"elementor-button-link elementor-button elementor-size-xl\" role=\"button\">\n\t\t\t\t\t\t<span class=\"elementor-button-content-wrapper\">\n\t\t\t\t\t\t\t<span class=\"elementor-button-icon elementor-align-icon-left\">\n\t\t\t\t<i aria-hidden=\"true\" class=\"far fa-hand-point-up\"><\/i>\t\t\t<\/span>\n\t\t\t\t\t\t<span class=\"elementor-button-text\">Aprende m\u00e1s en nuestro Laboratorio<\/span>\n\t\t<\/span>\n\t\t\t\t\t<\/a>\n\t\t<\/div>\n\t\t\t\t<\/div>\n\t\t\t\t<\/div>\n\t\t\t\t\t<\/div>\n\t\t<\/div>\n\t\t\t\t\t\t\t<\/div>\n\t\t<\/section>\n\t\t\t\t<section class=\"elementor-section elementor-top-section elementor-element elementor-element-4df08c0 elementor-section-boxed elementor-section-height-default elementor-section-height-default\" data-id=\"4df08c0\" data-element_type=\"section\">\n\t\t\t\t\t\t<div class=\"elementor-container elementor-column-gap-default\">\n\t\t\t\t\t<div class=\"elementor-column elementor-col-100 elementor-top-column elementor-element elementor-element-742d2d3\" data-id=\"742d2d3\" data-element_type=\"column\">\n\t\t\t<div class=\"elementor-widget-wrap elementor-element-populated\">\n\t\t\t\t\t\t\t\t<div class=\"elementor-element elementor-element-abf9eaa elementor-widget elementor-widget-image\" data-id=\"abf9eaa\" data-element_type=\"widget\" data-widget_type=\"image.default\">\n\t\t\t\t<div class=\"elementor-widget-container\">\n\t\t\t\t\t\t\t\t\t\t\t\t\t\t\t<img loading=\"lazy\" decoding=\"async\" width=\"2560\" height=\"1396\" src=\"https:\/\/huevosdeloarre.com\/wp-content\/uploads\/2023\/12\/BANNER-scaled.jpg\" class=\"attachment-full size-full wp-image-1110\" alt=\"\" srcset=\"https:\/\/huevosdeloarre.com\/wp-content\/uploads\/2023\/12\/BANNER-scaled.jpg 2560w, https:\/\/huevosdeloarre.com\/wp-content\/uploads\/2023\/12\/BANNER-300x164.jpg 300w, https:\/\/huevosdeloarre.com\/wp-content\/uploads\/2023\/12\/BANNER-1024x558.jpg 1024w, https:\/\/huevosdeloarre.com\/wp-content\/uploads\/2023\/12\/BANNER-768x419.jpg 768w, https:\/\/huevosdeloarre.com\/wp-content\/uploads\/2023\/12\/BANNER-1536x837.jpg 1536w, https:\/\/huevosdeloarre.com\/wp-content\/uploads\/2023\/12\/BANNER-2048x1116.jpg 2048w, https:\/\/huevosdeloarre.com\/wp-content\/uploads\/2023\/12\/BANNER-260x142.jpg 260w, https:\/\/huevosdeloarre.com\/wp-content\/uploads\/2023\/12\/BANNER-50x27.jpg 50w, https:\/\/huevosdeloarre.com\/wp-content\/uploads\/2023\/12\/BANNER-138x75.jpg 138w\" sizes=\"auto, (max-width: 2560px) 100vw, 2560px\" \/>\t\t\t\t\t\t\t\t\t\t\t\t\t\t\t<\/div>\n\t\t\t\t<\/div>\n\t\t\t\t<div class=\"elementor-element elementor-element-9de444a elementor-widget elementor-widget-spacer\" data-id=\"9de444a\" data-element_type=\"widget\" data-widget_type=\"spacer.default\">\n\t\t\t\t<div class=\"elementor-widget-container\">\n\t\t\t\t\t<div class=\"elementor-spacer\">\n\t\t\t<div class=\"elementor-spacer-inner\"><\/div>\n\t\t<\/div>\n\t\t\t\t<\/div>\n\t\t\t\t<\/div>\n\t\t\t\t\t<\/div>\n\t\t<\/div>\n\t\t\t\t\t\t\t<\/div>\n\t\t<\/section>\n\t\t\t\t\t\t\t<\/div>\n\t\t","protected":false},"excerpt":{"rendered":"<p>#1 \u2013 Los m\u00e1s antiguos Los huevos de dinosaurio m\u00e1s antiguos del mundo tienen casi 200 millones de a\u00f1os y se han encontrado en el Jur\u00e1sico<span class=\"excerpt-hellip\"> [\u2026]<\/span><\/p>\n","protected":false},"author":1,"featured_media":0,"parent":0,"menu_order":0,"comment_status":"closed","ping_status":"closed","template":"","meta":{"footnotes":""},"class_list":["post-1103","page","type-page","status-publish","hentry"],"_links":{"self":[{"href":"https:\/\/huevosdeloarre.com\/index.php\/wp-json\/wp\/v2\/pages\/1103","targetHints":{"allow":["GET"]}}],"collection":[{"href":"https:\/\/huevosdeloarre.com\/index.php\/wp-json\/wp\/v2\/pages"}],"about":[{"href":"https:\/\/huevosdeloarre.com\/index.php\/wp-json\/wp\/v2\/types\/page"}],"author":[{"embeddable":true,"href":"https:\/\/huevosdeloarre.com\/index.php\/wp-json\/wp\/v2\/users\/1"}],"replies":[{"embeddable":true,"href":"https:\/\/huevosdeloarre.com\/index.php\/wp-json\/wp\/v2\/comments?post=1103"}],"version-history":[{"count":67,"href":"https:\/\/huevosdeloarre.com\/index.php\/wp-json\/wp\/v2\/pages\/1103\/revisions"}],"predecessor-version":[{"id":1185,"href":"https:\/\/huevosdeloarre.com\/index.php\/wp-json\/wp\/v2\/pages\/1103\/revisions\/1185"}],"wp:attachment":[{"href":"https:\/\/huevosdeloarre.com\/index.php\/wp-json\/wp\/v2\/media?parent=1103"}],"curies":[{"name":"wp","href":"https:\/\/api.w.org\/{rel}","templated":true}]}}